{"id":487,"date":"2021-08-06T01:56:51","date_gmt":"2021-08-06T01:56:51","guid":{"rendered":"http:\/\/tadalafilgel.com\/?page_id=487"},"modified":"2021-08-29T23:31:53","modified_gmt":"2021-08-29T23:31:53","slug":"aviso-de-privacidad","status":"publish","type":"page","link":"http:\/\/tadalafilgel.com\/index.php\/aviso-de-privacidad\/","title":{"rendered":"AVISO DE PRIVACIDAD"},"content":{"rendered":"\t\t<div data-elementor-type=\"wp-page\" data-elementor-id=\"487\" class=\"elementor elementor-487\" data-elementor-settings=\"[]\">\n\t\t\t\t\t\t<div class=\"elementor-inner\">\n\t\t\t\t\t\t\t<div class=\"elementor-section-wrap\">\n\t\t\t\t\t\t\t<section class=\"elementor-section elementor-top-section elementor-element elementor-element-146097c elementor-section-full_width elementor-section-height-default elementor-section-height-default\" data-id=\"146097c\" data-element_type=\"section\" data-settings=\"{&quot;background_background&quot;:&quot;gradient&quot;}\">\n\t\t\t\t\t\t<div class=\"elementor-container elementor-column-gap-default\">\n\t\t\t\t\t\t\t<div class=\"elementor-row\">\n\t\t\t\t\t<div class=\"elementor-column elementor-col-100 elementor-top-column elementor-element elementor-element-365f3911\" data-id=\"365f3911\" data-element_type=\"column\">\n\t\t\t<div class=\"elementor-column-wrap elementor-element-populated\">\n\t\t\t\t\t\t\t<div class=\"elementor-widget-wrap\">\n\t\t\t\t\t\t<div class=\"elementor-element elementor-element-5fd82cf5 elementor-widget elementor-widget-spacer\" data-id=\"5fd82cf5\" data-element_type=\"widget\" data-widget_type=\"spacer.default\">\n\t\t\t\t<div class=\"elementor-widget-container\">\n\t\t\t\t\t<div class=\"elementor-spacer\">\n\t\t\t<div class=\"elementor-spacer-inner\"><\/div>\n\t\t<\/div>\n\t\t\t\t<\/div>\n\t\t\t\t<\/div>\n\t\t\t\t\t\t<\/div>\n\t\t\t\t\t<\/div>\n\t\t<\/div>\n\t\t\t\t\t\t\t\t<\/div>\n\t\t\t\t\t<\/div>\n\t\t<\/section>\n\t\t\t\t<section class=\"elementor-section elementor-top-section elementor-element elementor-element-61228904 elementor-section-boxed elementor-section-height-default elementor-section-height-default\" data-id=\"61228904\" data-element_type=\"section\">\n\t\t\t\t\t\t<div class=\"elementor-container elementor-column-gap-default\">\n\t\t\t\t\t\t\t<div class=\"elementor-row\">\n\t\t\t\t\t<div class=\"elementor-column elementor-col-100 elementor-top-column elementor-element elementor-element-2c06a27d\" data-id=\"2c06a27d\" data-element_type=\"column\">\n\t\t\t<div class=\"elementor-column-wrap elementor-element-populated\">\n\t\t\t\t\t\t\t<div class=\"elementor-widget-wrap\">\n\t\t\t\t\t\t<div class=\"elementor-element elementor-element-a11319d elementor-widget elementor-widget-spacer\" data-id=\"a11319d\" data-element_type=\"widget\" data-widget_type=\"spacer.default\">\n\t\t\t\t<div class=\"elementor-widget-container\">\n\t\t\t\t\t<div class=\"elementor-spacer\">\n\t\t\t<div class=\"elementor-spacer-inner\"><\/div>\n\t\t<\/div>\n\t\t\t\t<\/div>\n\t\t\t\t<\/div>\n\t\t\t\t\t\t<\/div>\n\t\t\t\t\t<\/div>\n\t\t<\/div>\n\t\t\t\t\t\t\t\t<\/div>\n\t\t\t\t\t<\/div>\n\t\t<\/section>\n\t\t\t\t<section class=\"elementor-section elementor-top-section elementor-element elementor-element-287aa62 elementor-section-full_width elementor-section-stretched elementor-section-height-default elementor-section-height-default\" data-id=\"287aa62\" data-element_type=\"section\" data-settings=\"{&quot;stretch_section&quot;:&quot;section-stretched&quot;}\">\n\t\t\t\t\t\t<div class=\"elementor-container elementor-column-gap-default\">\n\t\t\t\t\t\t\t<div class=\"elementor-row\">\n\t\t\t\t\t<div class=\"elementor-column elementor-col-16 elementor-top-column elementor-element elementor-element-724eb33\" data-id=\"724eb33\" data-element_type=\"column\">\n\t\t\t<div class=\"elementor-column-wrap\">\n\t\t\t\t\t\t\t<div class=\"elementor-widget-wrap\">\n\t\t\t\t\t\t\t\t<\/div>\n\t\t\t\t\t<\/div>\n\t\t<\/div>\n\t\t\t\t<div class=\"elementor-column elementor-col-16 elementor-top-column elementor-element elementor-element-7fe86a4\" data-id=\"7fe86a4\" data-element_type=\"column\">\n\t\t\t<div class=\"elementor-column-wrap\">\n\t\t\t\t\t\t\t<div class=\"elementor-widget-wrap\">\n\t\t\t\t\t\t\t\t<\/div>\n\t\t\t\t\t<\/div>\n\t\t<\/div>\n\t\t\t\t<div class=\"elementor-column elementor-col-16 elementor-top-column elementor-element elementor-element-44bbd49\" data-id=\"44bbd49\" data-element_type=\"column\">\n\t\t\t<div class=\"elementor-column-wrap\">\n\t\t\t\t\t\t\t<div class=\"elementor-widget-wrap\">\n\t\t\t\t\t\t\t\t<\/div>\n\t\t\t\t\t<\/div>\n\t\t<\/div>\n\t\t\t\t<div class=\"elementor-column elementor-col-16 elementor-top-column elementor-element elementor-element-533d58d\" data-id=\"533d58d\" data-element_type=\"column\">\n\t\t\t<div class=\"elementor-column-wrap\">\n\t\t\t\t\t\t\t<div class=\"elementor-widget-wrap\">\n\t\t\t\t\t\t\t\t<\/div>\n\t\t\t\t\t<\/div>\n\t\t<\/div>\n\t\t\t\t<div class=\"elementor-column elementor-col-16 elementor-top-column elementor-element elementor-element-b3e2f94\" data-id=\"b3e2f94\" data-element_type=\"column\">\n\t\t\t<div class=\"elementor-column-wrap\">\n\t\t\t\t\t\t\t<div class=\"elementor-widget-wrap\">\n\t\t\t\t\t\t\t\t<\/div>\n\t\t\t\t\t<\/div>\n\t\t<\/div>\n\t\t\t\t<div class=\"elementor-column elementor-col-16 elementor-top-column elementor-element elementor-element-4f7b3d5\" data-id=\"4f7b3d5\" data-element_type=\"column\">\n\t\t\t<div class=\"elementor-column-wrap elementor-element-populated\">\n\t\t\t\t\t\t\t<div class=\"elementor-widget-wrap\">\n\t\t\t\t\t\t<div class=\"elementor-element elementor-element-31821d9 elementor-widget elementor-widget-image\" data-id=\"31821d9\" data-element_type=\"widget\" data-widget_type=\"image.default\">\n\t\t\t\t<div class=\"elementor-widget-container\">\n\t\t\t\t\t\t\t\t<div class=\"elementor-image\">\n\t\t\t\t\t\t\t\t\t\t\t\t\t<a href=\"http:\/\/tadalafilgel.com\/\">\n\t\t\t\t\t\t\t<img width=\"150\" height=\"133\" src=\"http:\/\/tadalafilgel.com\/wp-content\/uploads\/2021\/08\/HOME.png\" class=\"attachment-thumbnail size-thumbnail\" alt=\"\" loading=\"lazy\" style=\"width:100%;height:88.55%;max-width:655px;\" \/>\t\t\t\t\t\t\t\t<\/a>\n\t\t\t\t\t\t\t\t\t\t\t\t\t\t<\/div>\n\t\t\t\t\t\t<\/div>\n\t\t\t\t<\/div>\n\t\t\t\t\t\t<\/div>\n\t\t\t\t\t<\/div>\n\t\t<\/div>\n\t\t\t\t\t\t\t\t<\/div>\n\t\t\t\t\t<\/div>\n\t\t<\/section>\n\t\t\t\t<section class=\"elementor-section elementor-top-section elementor-element elementor-element-ff95735 elementor-section-boxed elementor-section-height-default elementor-section-height-default\" data-id=\"ff95735\" data-element_type=\"section\">\n\t\t\t\t\t\t<div class=\"elementor-container elementor-column-gap-default\">\n\t\t\t\t\t\t\t<div class=\"elementor-row\">\n\t\t\t\t\t<div class=\"elementor-column elementor-col-100 elementor-top-column elementor-element elementor-element-4e66142\" data-id=\"4e66142\" data-element_type=\"column\">\n\t\t\t<div class=\"elementor-column-wrap elementor-element-populated\">\n\t\t\t\t\t\t\t<div class=\"elementor-widget-wrap\">\n\t\t\t\t\t\t<div class=\"elementor-element elementor-element-5d9a5dd elementor-widget elementor-widget-heading\" data-id=\"5d9a5dd\" data-element_type=\"widget\" data-widget_type=\"heading.default\">\n\t\t\t\t<div class=\"elementor-widget-container\">\n\t\t\t<h2 class=\"elementor-heading-title elementor-size-default\">Aviso de privacidad<\/h2>\t\t<\/div>\n\t\t\t\t<\/div>\n\t\t\t\t\t\t<\/div>\n\t\t\t\t\t<\/div>\n\t\t<\/div>\n\t\t\t\t\t\t\t\t<\/div>\n\t\t\t\t\t<\/div>\n\t\t<\/section>\n\t\t\t\t<section class=\"elementor-section elementor-top-section elementor-element elementor-element-3551d68 elementor-section-boxed elementor-section-height-default elementor-section-height-default\" data-id=\"3551d68\" data-element_type=\"section\">\n\t\t\t\t\t\t<div class=\"elementor-container elementor-column-gap-default\">\n\t\t\t\t\t\t\t<div class=\"elementor-row\">\n\t\t\t\t\t<div class=\"elementor-column elementor-col-100 elementor-top-column elementor-element elementor-element-0dbeada\" data-id=\"0dbeada\" data-element_type=\"column\">\n\t\t\t<div class=\"elementor-column-wrap elementor-element-populated\">\n\t\t\t\t\t\t\t<div class=\"elementor-widget-wrap\">\n\t\t\t\t\t\t<div class=\"elementor-element elementor-element-a5ce5f3 elementor-widget elementor-widget-text-editor\" data-id=\"a5ce5f3\" data-element_type=\"widget\" data-widget_type=\"text-editor.default\">\n\t\t\t\t<div class=\"elementor-widget-container\">\n\t\t\t\t\t\t\t\t<div class=\"elementor-text-editor elementor-clearfix\">\n\t\t\t\t\t<p>El cumplimiento de las leyes es muy importante para Laboratorios <strong>Liomont, S.A de C.V<\/strong>., (en adelante \u201c<strong>Liomont<\/strong>\u201d)es por ello que hemos desarrollado<br>pol\u00edticas internas a efecto de tratar adecuadamente los datos personales para dar cumplimiento a lo dispuesto por la Ley Federal de Protecci\u00f3n de Datos<br>Personales en Posesi\u00f3n de Particulares, su Reglamento y dem\u00e1s lineamientos aplicables (en adelante \u201cLey\u201d).<\/p><p><br><\/p><p>En virtud de lo anterior, se hace constar que los (i) datos personales y los (ii) datos personales sensibles, que obtenga <strong>Liomont<\/strong>, ser\u00e1n tratados en estricto cumplimiento de la Ley.<\/p><p><br>Sus datos personales ser\u00e1n recabados \u00fanica y exclusivamente para tener informaci\u00f3n de contacto, fines estad\u00edsticos y en su caso para procesar y<br>mantener registro de los pagos correspondientes. Adicionalmente le informamos que sus datos personales podr\u00e1n ser transferidos y tratados dentro y<br>fuera del pa\u00eds, por personas distintas a <strong>Liomont<\/strong> para los mismos fines.<\/p><p><br>Si usted no manifiesta su oposici\u00f3n, a trav\u00e9s de cualquier medio de comunicaci\u00f3n fehaciente, en cuanto al manejo de datos personales o la transferencia<br>de los mismos Liomont tendr\u00e1 por entendido que usted ha otorgado su consentimiento para ello.<\/p><p><br>Asimismo se hace de su conocimiento que Liomont ha adoptado medidas de seguridad de protecci\u00f3n de datos personales y procurar\u00e1 implementar<br>otros medios y medidas t\u00e9cnicas a su alcance para evitar la p\u00e9rdida, mal uso, alteraci\u00f3n, acceso no autorizado o robo de sus datos personales.<\/p><p><br>En caso que usted decida ejercer cualquiera de los derechos de acceso, rectificaci\u00f3n cancelaci\u00f3n, y\/u oposici\u00f3n que establece la Ley, usted deber\u00e1<br>ponerse en contacto con el responsable designado Manuel De Narv\u00e1ez Casabianca a trav\u00e9s del correo electr\u00f3nico <strong>datos.personales@liomont.com.mx<\/strong><br>manifestando detalladamente su inter\u00e9s, acompa\u00f1ado de su: (a) nombre completo, (b) domicilio o correo electr\u00f3nico, (c) identificaci\u00f3n oficial vigente,<br>(d) documento de representaci\u00f3n legal, en su caso.<\/p><p><br>Posterior a la recepci\u00f3n de su comunicaci\u00f3n, <strong>Liomont<\/strong> emitir\u00e1 una respuesta que le har\u00e1 llegar a usted a su domicilio o correo electr\u00f3nico en un plazo no<br>mayor a 20 (veinte) d\u00edas h\u00e1biles. En cualquiera de los casos, <strong>Liomont<\/strong> tendr\u00e1 un plazo adicional de 20 (veinte) d\u00edas h\u00e1biles para realizar los ajustes<br>correspondientes y dependiendo las circunstancias dicho t\u00e9rmino podr\u00e1 ser ampliado.<\/p><p><br><strong>Liomont<\/strong> se compromete a cancelar sus datos personales cuando estos hayan dejado de ser necesarios para el cumplimiento del objetivo para el cual fue<br>recabado originalmente. <strong>Liomont<\/strong> publicar\u00e1 cualquier modificaci\u00f3n o actualizaci\u00f3n a este <strong>Aviso de Privacidad a trav\u00e9s de este sitio web<\/strong>.<\/p><p><br>Manuel De Narv\u00e1ez Casabianca.<br>Responsable de Datos Personales.<br>Laboratorios Liomont, S.A de C.V.<\/p><p><br><strong>Laboratorios Liomont, S.A de C.V.<\/strong><br>Adolfo L\u00f3pez Mateos 68<br>Cuajimalpa Centro, 05000<br>M\u00e9xico, Distrito Federal<\/p><p><br><strong>Aviso de Privacidad Juntos por tu Salud<\/strong><br>El cumplimiento de las leyes es muy importante para Laboratorios Liomont, S.A de C.V., (en adelante \u201cLiomont\u201d) es por ello que hemos desarrollado<br>pol\u00edticas internas a efecto de tratar adecuadamente los datos personales para dar cumplimiento a lo dispuesto por la Ley Federal de Protecci\u00f3n de Datos<br>Personales en Posesi\u00f3n de Particulares, su Reglamento y dem\u00e1s lineamientos aplicables (en adelante \u201cLey\u201d).<\/p><p><br>En virtud de lo anterior, se hace constar que los (i) datos personales y los (ii) datos personales sensibles, que obtenga Liomont, ser\u00e1n tratados en estricto<br>cumplimiento de la Ley.<\/p><p><br>Sus datos personales ser\u00e1n recabados \u00fanica y exclusivamente para: tener informaci\u00f3n de contacto, fines estad\u00edsticos; para poder contabilizar los<br>productos adquiridos y redimir los beneficios a los que tienen derecho los participantes del programa \u201cJuntos por tu Salud\u201d; para hacerles llegar<br>informaci\u00f3n acerca del padecimiento y campa\u00f1as de detecci\u00f3n, y en su caso; para entregarles gratificaciones simb\u00f3licas por el apego al tratamiento.<br>Adicionalmente le informamos que sus datos personales podr\u00e1n ser transferidos y tratados dentro y fuera del pa\u00eds, por personas distintas a Liomont para<br>los mismos fines.<\/p><p><br>Si usted no manifiesta su oposici\u00f3n, a trav\u00e9s de cualquier medio de comunicaci\u00f3n fehaciente, en cuanto al manejo de datos personales o la transferencia<br>de los mismos Liomont tendr\u00e1 por entendido que usted ha otorgado su consentimiento para ello.<\/p><p><br>As\u00ed mismo se hace de su conocimiento que Liomont ha adoptado medidas de seguridad de protecci\u00f3n de datos personales y procurar\u00e1 implementar<br>otros medios y medidas t\u00e9cnicas a su alcance para evitar la p\u00e9rdida, mal uso, alteraci\u00f3n, acceso no autorizado o robo de sus datos personales.<\/p><p><br>En caso que usted decida ejercer cualquiera de los derechos de acceso, rectificaci\u00f3n cancelaci\u00f3n, y\/u oposici\u00f3n que establece la Ley, usted deber\u00e1<br>ponerse en contacto con el responsable designado Manuel De Narv\u00e1ez Casabianca a trav\u00e9s del correo electr\u00f3nico <strong>datos.personales@liomont.com.mx<\/strong><br>manifestando detalladamente su inter\u00e9s, acompa\u00f1ado de su: (a) nombre completo, (b) domicilio o correo electr\u00f3nico, (c) identificaci\u00f3n oficial vigente,<br>(d) documento de representaci\u00f3n legal, en su caso.<\/p><p><br>Posterior a la recepci\u00f3n de su comunicaci\u00f3n, Liomont emitir\u00e1 una respuesta que le har\u00e1 llegar a usted a su domicilio o correo electr\u00f3nico en un plazo no<br>mayor a 20 (veinte) d\u00edas h\u00e1biles para realizar los ajustes correspondientes y dependiendo las circunstancias dicho t\u00e9rmino podr\u00e1 ser ampliado.<\/p><p><br>Liomont se compromete a cancelar sus datos personales cuando estos hayan dejado de ser necesarios para el cumplimiento del objetivo para el cual<br>fueron recabados originalmente. Liomont publicar\u00e1 cualquier modificaci\u00f3n o actualizaci\u00f3n a este Aviso de Privacidad a trav\u00e9s de este sitio web.<\/p><p><br>Manuel De Narv\u00e1ez Casabianca.<br>Responsable de Datos Personales.<br>Laboratorios Liomont, S.A de C.V.<\/p><p><br>Adolfo L\u00f3pez Mateos 68.<br>Cuajimalpa Centro. 05000.<br>M\u00e9xico, Distrito Federal.<\/p>\t\t\t\t\t<\/div>\n\t\t\t\t\t\t<\/div>\n\t\t\t\t<\/div>\n\t\t\t\t\t\t<\/div>\n\t\t\t\t\t<\/div>\n\t\t<\/div>\n\t\t\t\t\t\t\t\t<\/div>\n\t\t\t\t\t<\/div>\n\t\t<\/section>\n\t\t\t\t<section class=\"elementor-section elementor-top-section elementor-element elementor-element-361d2431 elementor-section-full_width elementor-section-height-default elementor-section-height-default\" data-id=\"361d2431\" data-element_type=\"section\">\n\t\t\t\t\t\t<div class=\"elementor-container elementor-column-gap-default\">\n\t\t\t\t\t\t\t<div class=\"elementor-row\">\n\t\t\t\t\t<div class=\"elementor-column elementor-col-16 elementor-top-column elementor-element elementor-element-57554ef2\" data-id=\"57554ef2\" data-element_type=\"column\">\n\t\t\t<div class=\"elementor-column-wrap\">\n\t\t\t\t\t\t\t<div class=\"elementor-widget-wrap\">\n\t\t\t\t\t\t\t\t<\/div>\n\t\t\t\t\t<\/div>\n\t\t<\/div>\n\t\t\t\t<div class=\"elementor-column elementor-col-16 elementor-top-column elementor-element elementor-element-5ffebead\" data-id=\"5ffebead\" data-element_type=\"column\">\n\t\t\t<div class=\"elementor-column-wrap\">\n\t\t\t\t\t\t\t<div class=\"elementor-widget-wrap\">\n\t\t\t\t\t\t\t\t<\/div>\n\t\t\t\t\t<\/div>\n\t\t<\/div>\n\t\t\t\t<div class=\"elementor-column elementor-col-16 elementor-top-column elementor-element elementor-element-55f29c80\" data-id=\"55f29c80\" data-element_type=\"column\">\n\t\t\t<div class=\"elementor-column-wrap\">\n\t\t\t\t\t\t\t<div class=\"elementor-widget-wrap\">\n\t\t\t\t\t\t\t\t<\/div>\n\t\t\t\t\t<\/div>\n\t\t<\/div>\n\t\t\t\t<div class=\"elementor-column elementor-col-16 elementor-top-column elementor-element elementor-element-10e8f4a4\" data-id=\"10e8f4a4\" data-element_type=\"column\">\n\t\t\t<div class=\"elementor-column-wrap\">\n\t\t\t\t\t\t\t<div class=\"elementor-widget-wrap\">\n\t\t\t\t\t\t\t\t<\/div>\n\t\t\t\t\t<\/div>\n\t\t<\/div>\n\t\t\t\t<div class=\"elementor-column elementor-col-16 elementor-top-column elementor-element elementor-element-5b83080a\" data-id=\"5b83080a\" data-element_type=\"column\">\n\t\t\t<div class=\"elementor-column-wrap elementor-element-populated\">\n\t\t\t\t\t\t\t<div class=\"elementor-widget-wrap\">\n\t\t\t\t\t\t<div class=\"elementor-element elementor-element-71e77999 elementor-widget elementor-widget-image\" data-id=\"71e77999\" data-element_type=\"widget\" data-widget_type=\"image.default\">\n\t\t\t\t<div class=\"elementor-widget-container\">\n\t\t\t\t\t\t\t\t<div class=\"elementor-image\">\n\t\t\t\t\t\t\t\t\t\t\t\t<img width=\"531\" height=\"104\" src=\"http:\/\/tadalafilgel.com\/wp-content\/uploads\/2021\/08\/logo-liomont.png\" class=\"attachment-large size-large\" alt=\"\" loading=\"lazy\" style=\"width:100%;height:19.59%;max-width:531px;\" \/>\t\t\t\t\t\t\t\t\t\t\t\t\t\t<\/div>\n\t\t\t\t\t\t<\/div>\n\t\t\t\t<\/div>\n\t\t\t\t\t\t<\/div>\n\t\t\t\t\t<\/div>\n\t\t<\/div>\n\t\t\t\t<div class=\"elementor-column elementor-col-16 elementor-top-column elementor-element elementor-element-6bafe2b0\" data-id=\"6bafe2b0\" data-element_type=\"column\">\n\t\t\t<div class=\"elementor-column-wrap\">\n\t\t\t\t\t\t\t<div class=\"elementor-widget-wrap\">\n\t\t\t\t\t\t\t\t<\/div>\n\t\t\t\t\t<\/div>\n\t\t<\/div>\n\t\t\t\t\t\t\t\t<\/div>\n\t\t\t\t\t<\/div>\n\t\t<\/section>\n\t\t\t\t\t\t<\/div>\n\t\t\t\t\t\t<\/div>\n\t\t\t\t\t<\/div>\n\t\t","protected":false},"excerpt":{"rendered":"<p>Aviso de privacidad El cumplimiento de las leyes es muy importante para Laboratorios Liomont, S.A de C.V., (en adelante \u201cLiomont\u201d)es por ello que hemos desarrolladopol\u00edticas internas a efecto de tratar adecuadamente los datos personales para dar cumplimiento a lo dispuesto por la Ley Federal de Protecci\u00f3n de DatosPersonales en Posesi\u00f3n de Particulares, su Reglamento y&hellip; <a class=\"more-link\" href=\"http:\/\/tadalafilgel.com\/index.php\/aviso-de-privacidad\/\">Seguir leyendo <span class=\"screen-reader-text\">AVISO DE PRIVACIDAD<\/span><\/a><\/p>\n","protected":false},"author":1,"featured_media":0,"parent":0,"menu_order":0,"comment_status":"closed","ping_status":"closed","template":"","meta":[],"_links":{"self":[{"href":"http:\/\/tadalafilgel.com\/index.php\/wp-json\/wp\/v2\/pages\/487"}],"collection":[{"href":"http:\/\/tadalafilgel.com\/index.php\/wp-json\/wp\/v2\/pages"}],"about":[{"href":"http:\/\/tadalafilgel.com\/index.php\/wp-json\/wp\/v2\/types\/page"}],"author":[{"embeddable":true,"href":"http:\/\/tadalafilgel.com\/index.php\/wp-json\/wp\/v2\/users\/1"}],"replies":[{"embeddable":true,"href":"http:\/\/tadalafilgel.com\/index.php\/wp-json\/wp\/v2\/comments?post=487"}],"version-history":[{"count":24,"href":"http:\/\/tadalafilgel.com\/index.php\/wp-json\/wp\/v2\/pages\/487\/revisions"}],"predecessor-version":[{"id":1612,"href":"http:\/\/tadalafilgel.com\/index.php\/wp-json\/wp\/v2\/pages\/487\/revisions\/1612"}],"wp:attachment":[{"href":"http:\/\/tadalafilgel.com\/index.php\/wp-json\/wp\/v2\/media?parent=487"}],"curies":[{"name":"wp","href":"https:\/\/api.w.org\/{rel}","templated":true}]}}